{"id":9,"date":"2024-03-13T22:40:12","date_gmt":"2024-03-13T21:40:12","guid":{"rendered":"http:\/\/motoclubeuropa.com\/?page_id=9"},"modified":"2025-03-07T14:13:31","modified_gmt":"2025-03-07T13:13:31","slug":"bienvenue","status":"publish","type":"page","link":"https:\/\/www.motoclubeuropa.com\/","title":{"rendered":"Bienvenue"},"content":{"rendered":"\n<p class=\"has-text-align-center has-medium-font-size\">Le club des motards faisant parti du cercle sportif des institutions europ\u00e9ennes au Luxembourg.<\/p>\n\n\n\n<p class=\"has-text-align-center has-medium-font-size\">Nous organisons des \u00e9v\u00e9nements pour les enthousiastes de la moto sans faire de pr\u00e9f\u00e9rences concernant les mod\u00e8les et marques de motos, toutes les motos, peu importe leurs cylindr\u00e9es sont la bienvenue.<\/p>\n\n\n\n<p class=\"has-text-align-center has-small-font-size\">Le plaisir de la route avec de la bonne compagnie, c&rsquo;est ce que nous recherchons. <\/p>\n\n\n\n<p class=\"has-text-align-center has-large-font-size\"><strong>Qui sommes nous ?<\/strong><a href=\"https:\/\/sites.google.com\/site\/roueslibresluxembourg\/accueil?authuser=0#h.i5mi5wz7jchb\"><\/a><\/p>\n\n\n\n<h3 class=\"wp-block-heading has-text-align-center\">&nbsp;Des touristes. Mais des touristes \u00e0 moto !<a href=\"https:\/\/sites.google.com\/site\/roueslibresluxembourg\/accueil?authuser=0#h.r6c27u90eikt\"><\/a><\/h3>\n\n\n<div class=\"wp-block-image\">\n<figure class=\"aligncenter size-full is-resized\"><img loading=\"lazy\" decoding=\"async\" width=\"616\" height=\"462\" src=\"https:\/\/www.motoclubeuropa.com\/wp-content\/uploads\/2024\/04\/Image1.jpg\" alt=\"\" class=\"wp-image-47\" style=\"width:731px;height:auto\" srcset=\"https:\/\/www.motoclubeuropa.com\/wp-content\/uploads\/2024\/04\/Image1.jpg 616w, https:\/\/www.motoclubeuropa.com\/wp-content\/uploads\/2024\/04\/Image1-300x225.jpg 300w\" sizes=\"auto, (max-width: 616px) 100vw, 616px\" \/><\/figure>\n<\/div>\n\n\n<h3 class=\"wp-block-heading\"><a href=\"https:\/\/sites.google.com\/site\/roueslibresluxembourg\/accueil?authuser=0#h.qqbyj439rep1\"><\/a><\/h3>\n\n\n\n<div class=\"wp-block-columns is-layout-flex wp-container-core-columns-is-layout-9d6595d7 wp-block-columns-is-layout-flex\">\n<div class=\"wp-block-column is-layout-flow wp-block-column-is-layout-flow\" style=\"flex-basis:33.33%\">\n<figure class=\"wp-block-image size-full\"><img loading=\"lazy\" decoding=\"async\" width=\"718\" height=\"960\" src=\"https:\/\/www.motoclubeuropa.com\/wp-content\/uploads\/2025\/03\/ACLTour.jpg\" alt=\"\" class=\"wp-image-1477\" srcset=\"https:\/\/www.motoclubeuropa.com\/wp-content\/uploads\/2025\/03\/ACLTour.jpg 718w, https:\/\/www.motoclubeuropa.com\/wp-content\/uploads\/2025\/03\/ACLTour-224x300.jpg 224w\" sizes=\"auto, (max-width: 718px) 100vw, 718px\" \/><\/figure>\n<\/div>\n\n\n\n<div class=\"wp-block-column is-layout-flow wp-block-column-is-layout-flow\" style=\"flex-basis:66.66%\">\n<h3 class=\"wp-block-heading has-text-align-center\">\u00ab\u00a0Ce qui importe ce n&rsquo;est pas d&rsquo;arriver, mais d&rsquo;aller vers &#8230;\u00a0\u00bb <br>(Antoine de Saint Exup\u00e9ry).<a href=\"https:\/\/sites.google.com\/site\/roueslibresluxembourg\/accueil?authuser=0#h.ct43ccguhfps\"><\/a><\/h3>\n\n\n\n<h3 class=\"wp-block-heading has-text-align-center\">\u00ab\u00a0Le plaisir est l&rsquo;objet, le devoir et le but de tous les \u00eatres raisonnables\u00a0\u00bb (Voltaire).<a href=\"https:\/\/sites.google.com\/site\/roueslibresluxembourg\/accueil?authuser=0#h.zer8ynj5ut2x\"><\/a><\/h3>\n\n\n\n<h3 class=\"wp-block-heading has-text-align-center\">Bruleurs de gommes, effaceurs de bande de peur et autres frotteurs de sliders passez votre chemin, il n&rsquo;y a rien pour vous chez nous. Pour nous, le plaisir de conduire se conjugue avec le plaisir des yeux. La courbe du virage est plus belle encore si le panorama lui offre un \u00e9crin.<\/h3>\n\n\n\n<h3 class=\"wp-block-heading has-text-align-center\">Nos machines, Honda CBF, BMW, FJR 1300, Moto Guzzi Norge, Goldwing, etc. et m\u00eame, nous ne rechignons pas \u00e0 faire sorties communes avec des Harley Davidson&#8230; Parfois !<\/h3>\n\n\n\n<h3 class=\"wp-block-heading has-text-align-center\">Des touristes on vous dit!<\/h3>\n\n\n\n<h3 class=\"wp-block-heading has-text-align-center\">Les gites d&rsquo;\u00e9tapes sont confortables et le plaisir de la table ne compte pas pour rien dans la r\u00e9ussite du voyage. <br>Des touristes, toujours des touristes !<\/h3>\n\n\n\n<h3 class=\"wp-block-heading has-text-align-center\">Ce site a vocation \u00e0 partager nos balades. Alors s&rsquo;il vous dit de marcher sur nos traces, piochez \u00e0 loisir dans les road books. Voyez les comptes rendus dans la newsletter. Et un jour, pourquoi pas faire un bout de route ensemble?<a href=\"https:\/\/sites.google.com\/site\/roueslibresluxembourg\/accueil?authuser=0#h.bld7wyq9f7wf\"><\/a><\/h3>\n\n\n\n<h3 class=\"wp-block-heading has-text-align-center\">En touriste.<\/h3>\n<\/div>\n<\/div>\n\n\n\n<h3 class=\"wp-block-heading\">&nbsp;<\/h3>\n\n\n<div class=\"wp-block-image\">\n<figure class=\"aligncenter size-full\"><img loading=\"lazy\" decoding=\"async\" width=\"600\" height=\"450\" src=\"https:\/\/www.motoclubeuropa.com\/wp-content\/uploads\/2024\/03\/image4.jpg\" alt=\"\" class=\"wp-image-27\" srcset=\"https:\/\/www.motoclubeuropa.com\/wp-content\/uploads\/2024\/03\/image4.jpg 600w, https:\/\/www.motoclubeuropa.com\/wp-content\/uploads\/2024\/03\/image4-300x225.jpg 300w\" sizes=\"auto, (max-width: 600px) 100vw, 600px\" \/><\/figure>\n<\/div>\n\n\n<h3 class=\"wp-block-heading has-text-align-center\">Pourquoi ce site ?<\/h3>\n\n\n\n<p class=\"has-text-align-center\"><strong>Avant tout pour partager les road books, au Luxembourg, en Allemagne et en France; Il y en a d&rsquo;une journ\u00e9e, voir de quelques heures.Il y en a de plus longues. 4 jours ou une semaine.<\/strong><\/p>\n\n\n\n<p class=\"has-text-align-center\"><strong>Les road books cohabitent sous deux formes; Un tableau Excel \u00e0 imprimer et\/o\u00f9 un fichier Garmin.<\/strong><\/p>\n\n\n\n<p class=\"has-text-align-center\"><strong>Les bulletins vous donneront une id\u00e9e de la vie de notre petit groupe.<\/strong><\/p>\n","protected":false},"excerpt":{"rendered":"<p>Le club des motards faisant parti du cercle sportif des institutions europ\u00e9ennes au Luxembourg. Nous organisons des \u00e9v\u00e9nements pour les enthousiastes de la moto sans faire de pr\u00e9f\u00e9rences concernant les [&hellip;]<\/p>\n","protected":false},"author":1,"featured_media":0,"parent":0,"menu_order":0,"comment_status":"closed","ping_status":"closed","template":"","meta":{"ngg_post_thumbnail":0,"_price":"","_stock":"","_tribe_ticket_header":"","_tribe_default_ticket_provider":"","_tribe_ticket_capacity":"0","_ticket_start_date":"","_ticket_end_date":"","_tribe_ticket_show_description":"","_tribe_ticket_show_not_going":false,"_tribe_ticket_use_global_stock":"","_tribe_ticket_global_stock_level":"","_global_stock_mode":"","_global_stock_cap":"","_tribe_rsvp_for_event":"","_tribe_ticket_going_count":"","_tribe_ticket_not_going_count":"","_tribe_tickets_list":"[]","_tribe_ticket_has_attendee_info_fields":false,"footnotes":"","_tec_slr_enabled":"","_tec_slr_layout":""},"class_list":["post-9","page","type-page","status-publish","hentry"],"ticketed":false,"_links":{"self":[{"href":"https:\/\/www.motoclubeuropa.com\/index.php\/wp-json\/wp\/v2\/pages\/9","targetHints":{"allow":["GET"]}}],"collection":[{"href":"https:\/\/www.motoclubeuropa.com\/index.php\/wp-json\/wp\/v2\/pages"}],"about":[{"href":"https:\/\/www.motoclubeuropa.com\/index.php\/wp-json\/wp\/v2\/types\/page"}],"author":[{"embeddable":true,"href":"https:\/\/www.motoclubeuropa.com\/index.php\/wp-json\/wp\/v2\/users\/1"}],"replies":[{"embeddable":true,"href":"https:\/\/www.motoclubeuropa.com\/index.php\/wp-json\/wp\/v2\/comments?post=9"}],"version-history":[{"count":33,"href":"https:\/\/www.motoclubeuropa.com\/index.php\/wp-json\/wp\/v2\/pages\/9\/revisions"}],"predecessor-version":[{"id":1482,"href":"https:\/\/www.motoclubeuropa.com\/index.php\/wp-json\/wp\/v2\/pages\/9\/revisions\/1482"}],"wp:attachment":[{"href":"https:\/\/www.motoclubeuropa.com\/index.php\/wp-json\/wp\/v2\/media?parent=9"}],"curies":[{"name":"wp","href":"https:\/\/api.w.org\/{rel}","templated":true}]}}