{"id":55,"date":"2024-04-10T11:53:03","date_gmt":"2024-04-10T09:53:03","guid":{"rendered":"https:\/\/www.motoclubeuropa.com\/?page_id=55"},"modified":"2025-03-07T15:48:59","modified_gmt":"2025-03-07T14:48:59","slug":"philosophie","status":"publish","type":"page","link":"https:\/\/www.motoclubeuropa.com\/index.php\/philosophie\/","title":{"rendered":"Philosophie"},"content":{"rendered":"\n<p class=\"has-large-font-size\"><\/p>\n\n\n<div class=\"wp-block-image\">\n<figure class=\"aligncenter size-full\"><img loading=\"lazy\" decoding=\"async\" width=\"790\" height=\"789\" src=\"https:\/\/www.motoclubeuropa.com\/wp-content\/uploads\/2025\/03\/PhiloMotard.jpg\" alt=\"\" class=\"wp-image-1486\" srcset=\"https:\/\/www.motoclubeuropa.com\/wp-content\/uploads\/2025\/03\/PhiloMotard.jpg 790w, https:\/\/www.motoclubeuropa.com\/wp-content\/uploads\/2025\/03\/PhiloMotard-300x300.jpg 300w, https:\/\/www.motoclubeuropa.com\/wp-content\/uploads\/2025\/03\/PhiloMotard-150x150.jpg 150w, https:\/\/www.motoclubeuropa.com\/wp-content\/uploads\/2025\/03\/PhiloMotard-768x767.jpg 768w\" sizes=\"auto, (max-width: 790px) 100vw, 790px\" \/><\/figure>\n<\/div>\n\n\n<p>\u00ab\u00a0Ce qui importe ce n\u2019est pas d\u2019arriver, mais d\u2019aller vers \u2026\u00a0\u00bb \u2013 Antoine de Saint-Exup\u00e9ry.<\/p>\n\n\n\n<p>\u00ab\u00a0Le plaisir est l\u2019objet, le devoir et le but de tous les \u00eatres raisonnables.\u00a0\u00bb \u2013 Voltaire.<\/p>\n\n\n\n<p>Notre club repose sur ces principes fondamentaux : rouler pour le plaisir, partager la route en toute s\u00e9curit\u00e9, et cultiver un esprit de camaraderie in\u00e9branlable. Nous croyons que la moto est bien plus qu\u2019un moyen de transport : c\u2019est une philosophie de vie, un art du voyage et une qu\u00eate de libert\u00e9.<\/p>\n\n\n\n<h3 class=\"wp-block-heading\">Humour et Esprit Motard<\/h3>\n\n\n\n<p>Parce que l\u2019humour fait partie int\u00e9grante de notre communaut\u00e9, nous partageons avec vous quelques r\u00e8gles simples pour une vie saine et sans contrainte :<\/p>\n\n\n\n<p><strong>Adopter une attitude positive et prudente ?<\/strong> Il n\u2019y a pas d\u2019autre fa\u00e7on de rouler.<br><strong>\u00c9viter les foules ?<\/strong> Prenez votre moto.<br><strong>Ne pas utiliser les transports en commun ?<\/strong> Prenez votre moto.<br><strong>Bien ventiler l\u2019espace ?<\/strong> Prenez votre moto.<br><strong>Prot\u00e9ger votre nez et votre bouche ?<\/strong> Prenez votre moto.<br><strong>Porter des gants ?<\/strong> Prenez votre moto.<br><strong>Ne pas toucher de surfaces contamin\u00e9es ?<\/strong> Ne laissez personne toucher votre moto.<br><strong>\u00c9viter les poign\u00e9es de main ?<\/strong> Ne retirez jamais vos gants en descendant de la moto.<br><strong>Garder vos distances ?<\/strong> Prenez votre moto.<\/p>\n\n\n\n<figure class=\"wp-block-image size-full\"><img loading=\"lazy\" decoding=\"async\" width=\"500\" height=\"566\" src=\"https:\/\/www.motoclubeuropa.com\/wp-content\/uploads\/2024\/04\/Image2.jpg\" alt=\"\" class=\"wp-image-56\" srcset=\"https:\/\/www.motoclubeuropa.com\/wp-content\/uploads\/2024\/04\/Image2.jpg 500w, https:\/\/www.motoclubeuropa.com\/wp-content\/uploads\/2024\/04\/Image2-265x300.jpg 265w\" sizes=\"auto, (max-width: 500px) 100vw, 500px\" \/><\/figure>\n\n\n\n<p><strong>Que celui \u00e0 qui ce n&rsquo;est jamais arriv\u00e9 &#8230; nous jette la premi\u00e8re pierre !<\/strong><\/p>\n\n\n\n<p><strong>Les Dix Commandements du Moto Club Europa<\/strong><\/p>\n\n\n\n<p>Ces r\u00e8gles de conduite sont nos principes de base pour garantir des sorties r\u00e9ussies et en toute s\u00e9curit\u00e9 :<\/p>\n\n\n\n<ol start=\"1\" class=\"wp-block-list\">\n<li><strong>\u00c0 l\u2019heure et r\u00e9servoir plein, tu arriveras.<\/strong><\/li>\n\n\n\n<li><strong>En cas de retard, tu pr\u00e9viendras.<\/strong><\/li>\n\n\n\n<li><strong>Sur la route, en quinconce, tu rouleras.<\/strong><\/li>\n\n\n\n<li><strong>Ta place dans le groupe, tu garderas.<\/strong><\/li>\n\n\n\n<li><strong>Sur autoroute, par groupe de cinq, tu te formeras.<\/strong><\/li>\n\n\n\n<li><strong>Ton itin\u00e9raire, tu apprendras.<\/strong><\/li>\n\n\n\n<li><strong>Si tu te perds, le point de ralliement tu rejoindras.<\/strong><\/li>\n\n\n\n<li><strong>Ton \u00e9quipement de pluie, tu emporteras.<\/strong><\/li>\n\n\n\n<li><strong>Au guidon, l\u2019alcool tu banniras.<\/strong><\/li>\n\n\n\n<li><strong>Moto rang\u00e9e, le neuvi\u00e8me commandement tu oublieras !<\/strong><\/li>\n<\/ol>\n\n\n\n<p>Le Moto Club Europa, c\u2019est un \u00e9tat d\u2019esprit : libert\u00e9, respect et plaisir du deux-roues. Que la route nous m\u00e8ne loin, tant que nous la parcourons ensemble !<\/p>\n","protected":false},"excerpt":{"rendered":"<p>\u00ab\u00a0Ce qui importe ce n\u2019est pas d\u2019arriver, mais d\u2019aller vers \u2026\u00a0\u00bb \u2013 Antoine de Saint-Exup\u00e9ry. \u00ab\u00a0Le plaisir est l\u2019objet, le devoir et le but de tous les \u00eatres raisonnables.\u00a0\u00bb \u2013 [&hellip;]<\/p>\n","protected":false},"author":1,"featured_media":0,"parent":0,"menu_order":0,"comment_status":"closed","ping_status":"closed","template":"","meta":{"ngg_post_thumbnail":0,"_price":"","_stock":"","_tribe_ticket_header":"","_tribe_default_ticket_provider":"","_tribe_ticket_capacity":"0","_ticket_start_date":"","_ticket_end_date":"","_tribe_ticket_show_description":"","_tribe_ticket_show_not_going":false,"_tribe_ticket_use_global_stock":"","_tribe_ticket_global_stock_level":"","_global_stock_mode":"","_global_stock_cap":"","_tribe_rsvp_for_event":"","_tribe_ticket_going_count":"","_tribe_ticket_not_going_count":"","_tribe_tickets_list":"[]","_tribe_ticket_has_attendee_info_fields":false,"footnotes":"","_tec_slr_enabled":"","_tec_slr_layout":""},"class_list":["post-55","page","type-page","status-publish","hentry"],"ticketed":false,"_links":{"self":[{"href":"https:\/\/www.motoclubeuropa.com\/index.php\/wp-json\/wp\/v2\/pages\/55","targetHints":{"allow":["GET"]}}],"collection":[{"href":"https:\/\/www.motoclubeuropa.com\/index.php\/wp-json\/wp\/v2\/pages"}],"about":[{"href":"https:\/\/www.motoclubeuropa.com\/index.php\/wp-json\/wp\/v2\/types\/page"}],"author":[{"embeddable":true,"href":"https:\/\/www.motoclubeuropa.com\/index.php\/wp-json\/wp\/v2\/users\/1"}],"replies":[{"embeddable":true,"href":"https:\/\/www.motoclubeuropa.com\/index.php\/wp-json\/wp\/v2\/comments?post=55"}],"version-history":[{"count":7,"href":"https:\/\/www.motoclubeuropa.com\/index.php\/wp-json\/wp\/v2\/pages\/55\/revisions"}],"predecessor-version":[{"id":1487,"href":"https:\/\/www.motoclubeuropa.com\/index.php\/wp-json\/wp\/v2\/pages\/55\/revisions\/1487"}],"wp:attachment":[{"href":"https:\/\/www.motoclubeuropa.com\/index.php\/wp-json\/wp\/v2\/media?parent=55"}],"curies":[{"name":"wp","href":"https:\/\/api.w.org\/{rel}","templated":true}]}}