{"id":2,"date":"2024-03-13T21:03:19","date_gmt":"2024-03-13T20:03:19","guid":{"rendered":"http:\/\/motoclubeuropa.com\/?page_id=2"},"modified":"2025-03-07T14:06:06","modified_gmt":"2025-03-07T13:06:06","slug":"page-d-exemple","status":"publish","type":"page","link":"https:\/\/www.motoclubeuropa.com\/index.php\/page-d-exemple\/","title":{"rendered":"Comment devenir membre"},"content":{"rendered":"<div class=\"wp-block-image\">\n<figure class=\"aligncenter size-full\"><img loading=\"lazy\" decoding=\"async\" width=\"660\" height=\"661\" src=\"https:\/\/www.motoclubeuropa.com\/wp-content\/uploads\/2025\/03\/MCEAdhesion.jpg\" alt=\"\" class=\"wp-image-1475\" srcset=\"https:\/\/www.motoclubeuropa.com\/wp-content\/uploads\/2025\/03\/MCEAdhesion.jpg 660w, https:\/\/www.motoclubeuropa.com\/wp-content\/uploads\/2025\/03\/MCEAdhesion-300x300.jpg 300w, https:\/\/www.motoclubeuropa.com\/wp-content\/uploads\/2025\/03\/MCEAdhesion-150x150.jpg 150w\" sizes=\"auto, (max-width: 660px) 100vw, 660px\" \/><\/figure>\n<\/div>\n\n\n<p>Rejoignez notre club et partagez votre passion pour la moto avec une communaut\u00e9 dynamique et conviviale !<\/p>\n\n\n\n<p><strong>Pourquoi devenir membre ?<\/strong><\/p>\n\n\n\n<ul class=\"wp-block-list\">\n<li>Participer \u00e0 des sorties moto organis\u00e9es les week-ends et pendant les vacances<\/li>\n\n\n\n<li>\u00c9changer avec d&rsquo;autres passionn\u00e9s de moto<\/li>\n\n\n\n<li>Acc\u00e9der aux \u00e9v\u00e9nements exclusifs du club<\/li>\n\n\n\n<li>B\u00e9n\u00e9ficier d&rsquo;un r\u00e9seau d&rsquo;entraide entre motards<\/li>\n<\/ul>\n\n\n\n<p>Notre club est ouvert \u00e0 tous les motards et <strong>n&rsquo;est li\u00e9 \u00e0 aucune marque ni \u00e0 un type de moto sp\u00e9cifique<\/strong>. Quelle que soit votre moto, vous \u00eates le bienvenu parmi nous !<\/p>\n\n\n\n<p><strong>Comment s&rsquo;inscrire ?<\/strong><\/p>\n\n\n\n<p>L&rsquo;adh\u00e9sion est simple ! Pour devenir membre, il vous suffit de suivre ces \u00e9tapes :<\/p>\n\n\n\n<ol start=\"1\" class=\"wp-block-list\">\n<li><strong>Prendre contact avec nous<\/strong> : Envoyez un e-mail \u00e0 <strong>Steve Cimolino<\/strong> \u00e0 l&rsquo;adresse suivante : <a><strong>steve.cimolino@motoclubeuropa.com<\/strong><\/a><\/li>\n\n\n\n<li><strong>Recevoir le formulaire d&rsquo;inscription<\/strong> : Une fois votre demande re\u00e7ue, nous vous enverrons le formulaire d&rsquo;adh\u00e9sion \u00e0 remplir.<\/li>\n\n\n\n<li><strong>Renvoyer le formulaire compl\u00e9t\u00e9<\/strong> : Apr\u00e8s avoir rempli le formulaire, retournez-le par e-mail.<\/li>\n\n\n\n<li><strong>Finaliser votre adh\u00e9sion<\/strong> : Une fois votre dossier valid\u00e9, vous recevrez une confirmation et pourrez profiter de tous les avantages du club.<\/li>\n<\/ol>\n\n\n\n<p><strong>Cotisation annuelle<\/strong><\/p>\n\n\n\n<p>L&rsquo;adh\u00e9sion au Moto Club Europa est soumise \u00e0 une cotisation annuelle de <strong>50\u20ac<\/strong>.<\/p>\n\n\n\n<p><strong>Nous contacter<\/strong><\/p>\n\n\n\n<p>Pour toute question ou information compl\u00e9mentaire, n&rsquo;h\u00e9sitez pas \u00e0 nous \u00e9crire \u00e0 <a><strong>steve.cimolino@motoclubeuropa.com<\/strong><\/a>.<\/p>\n\n\n\n<p>Nous avons h\u00e2te de vous accueillir parmi nous !<\/p>\n","protected":false},"excerpt":{"rendered":"<p>Rejoignez notre club et partagez votre passion pour la moto avec une communaut\u00e9 dynamique et conviviale ! Pourquoi devenir membre ? Notre club est ouvert \u00e0 tous les motards et [&hellip;]<\/p>\n","protected":false},"author":1,"featured_media":0,"parent":0,"menu_order":0,"comment_status":"closed","ping_status":"open","template":"","meta":{"ngg_post_thumbnail":0,"_price":"","_stock":"","_tribe_ticket_header":"","_tribe_default_ticket_provider":"","_tribe_ticket_capacity":"0","_ticket_start_date":"","_ticket_end_date":"","_tribe_ticket_show_description":"","_tribe_ticket_show_not_going":false,"_tribe_ticket_use_global_stock":"","_tribe_ticket_global_stock_level":"","_global_stock_mode":"","_global_stock_cap":"","_tribe_rsvp_for_event":"","_tribe_ticket_going_count":"","_tribe_ticket_not_going_count":"","_tribe_tickets_list":"[]","_tribe_ticket_has_attendee_info_fields":false,"footnotes":"","_tec_slr_enabled":"","_tec_slr_layout":""},"class_list":["post-2","page","type-page","status-publish","hentry"],"ticketed":false,"_links":{"self":[{"href":"https:\/\/www.motoclubeuropa.com\/index.php\/wp-json\/wp\/v2\/pages\/2","targetHints":{"allow":["GET"]}}],"collection":[{"href":"https:\/\/www.motoclubeuropa.com\/index.php\/wp-json\/wp\/v2\/pages"}],"about":[{"href":"https:\/\/www.motoclubeuropa.com\/index.php\/wp-json\/wp\/v2\/types\/page"}],"author":[{"embeddable":true,"href":"https:\/\/www.motoclubeuropa.com\/index.php\/wp-json\/wp\/v2\/users\/1"}],"replies":[{"embeddable":true,"href":"https:\/\/www.motoclubeuropa.com\/index.php\/wp-json\/wp\/v2\/comments?post=2"}],"version-history":[{"count":6,"href":"https:\/\/www.motoclubeuropa.com\/index.php\/wp-json\/wp\/v2\/pages\/2\/revisions"}],"predecessor-version":[{"id":1476,"href":"https:\/\/www.motoclubeuropa.com\/index.php\/wp-json\/wp\/v2\/pages\/2\/revisions\/1476"}],"wp:attachment":[{"href":"https:\/\/www.motoclubeuropa.com\/index.php\/wp-json\/wp\/v2\/media?parent=2"}],"curies":[{"name":"wp","href":"https:\/\/api.w.org\/{rel}","templated":true}]}}